{"id":2,"date":"2015-02-15T13:55:03","date_gmt":"2015-02-15T13:55:03","guid":{"rendered":"http:\/\/www.akzente-group.com\/en\/?page_id=2"},"modified":"2025-04-29T11:18:03","modified_gmt":"2025-04-29T09:18:03","slug":"beispiel-seite","status":"publish","type":"page","link":"https:\/\/www.akzente-group.com\/en\/","title":{"rendered":"Home"},"content":{"rendered":"<p>pez<\/p>\n<p>Dies ist eine etreugeispiel-Seite. Sie unterscheidet sich von Beitr\u00e4gen, weil sie stets an der selben Stelle bleibt und (bei den meisten Themes) in der Navigationsleiste angezeigt wird. Die meisten Leute starten mit einer &#8220;\u00dcber uns&#8221;-Seite mit einer Vorstellung f\u00fcr m\u00f6gliche Besucher der Website. Dort k\u00f6nnte zum Beispiel stehen:<\/p>\n<blockquote><p>Hallo! Tags\u00fcber arbeite ich als Fahrradkurier, nachts bin ich ein aufstrebender Schauspieler und dies hier ist mein Blog. Ich lebe in Berlin, habe einen gro\u00dfen Hund namens Jack, mag die Fantastischen Vier\u00a0und ein k\u00fchles Bier.<\/p><\/blockquote>\n<p>Als neuer WordPress-Anwender solltest Du das <a href=\"https:\/\/www.akzente-group.com\/en\/wp-admin\/\">Dashboard<\/a> aufrufen, um diese Seite zu l\u00f6schen und statt dessen eine neue Seite mit deinem eigenen Inhalt hinzuzuf\u00fcgen. Viel Spa\u00df!<\/p>\n","protected":false},"excerpt":{"rendered":"<p>pez Dies ist eine etreugeispiel-Seite. Sie unterscheidet sich von Beitr\u00e4gen, weil sie stets an der selben Stelle bleibt und (bei den meisten Themes) in der Navigationsleiste angezeigt wird. Die meisten Leute starten mit einer &#8220;\u00dcber uns&#8221;-Seite mit einer Vorstellung f\u00fcr m\u00f6gliche Besucher der Website. Dort k\u00f6nnte zum Beispiel stehen: Hallo! Tags\u00fcber arbeite ich als Fahrradkurier, [&hellip;]<\/p>\n","protected":false},"author":1,"featured_media":0,"parent":0,"menu_order":0,"comment_status":"closed","ping_status":"open","template":"single-startpage.php","meta":{"_acf_changed":false,"footnotes":""},"class_list":["post-2","page","type-page","status-publish","hentry"],"yoast_head":"<!-- This site is optimized with the Yoast SEO plugin v27.5 - https:\/\/yoast.com\/product\/yoast-seo-wordpress\/ -->\n<title>Home AKZENTE Retail GmbH<\/title>\n<meta name=\"robots\" content=\"index, follow, max-snippet:-1, max-image-preview:large, max-video-preview:-1\" \/>\n<link rel=\"canonical\" href=\"https:\/\/www.akzente-group.com\/en\/\" \/>\n<meta property=\"og:locale\" content=\"en_US\" \/>\n<meta property=\"og:type\" content=\"article\" \/>\n<meta property=\"og:title\" content=\"Home AKZENTE Retail GmbH\" \/>\n<meta property=\"og:description\" content=\"pez Dies ist eine etreugeispiel-Seite. Sie unterscheidet sich von Beitr\u00e4gen, weil sie stets an der selben Stelle bleibt und (bei den meisten Themes) in der Navigationsleiste angezeigt wird. Die meisten Leute starten mit einer &#8220;\u00dcber uns&#8221;-Seite mit einer Vorstellung f\u00fcr m\u00f6gliche Besucher der Website. Dort k\u00f6nnte zum Beispiel stehen: Hallo! Tags\u00fcber arbeite ich als Fahrradkurier, [&hellip;]\" \/>\n<meta property=\"og:url\" content=\"https:\/\/www.akzente-group.com\/en\/\" \/>\n<meta property=\"og:site_name\" content=\"AKZENTE Retail GmbH\" \/>\n<meta property=\"article:modified_time\" content=\"2025-04-29T09:18:03+00:00\" \/>\n<meta name=\"twitter:card\" content=\"summary_large_image\" \/>\n<meta name=\"twitter:label1\" content=\"Est. reading time\" \/>\n\t<meta name=\"twitter:data1\" content=\"1 minute\" \/>\n<script type=\"application\/ld+json\" class=\"yoast-schema-graph\">{\"@context\":\"https:\\\/\\\/schema.org\",\"@graph\":[{\"@type\":\"WebPage\",\"@id\":\"https:\\\/\\\/www.akzente-group.com\\\/en\\\/\",\"url\":\"https:\\\/\\\/www.akzente-group.com\\\/en\\\/\",\"name\":\"Home AKZENTE Retail GmbH\",\"isPartOf\":{\"@id\":\"https:\\\/\\\/www.akzente-group.com\\\/en\\\/#website\"},\"datePublished\":\"2015-02-15T13:55:03+00:00\",\"dateModified\":\"2025-04-29T09:18:03+00:00\",\"breadcrumb\":{\"@id\":\"https:\\\/\\\/www.akzente-group.com\\\/en\\\/#breadcrumb\"},\"inLanguage\":\"en-US\",\"potentialAction\":[{\"@type\":\"ReadAction\",\"target\":[\"https:\\\/\\\/www.akzente-group.com\\\/en\\\/\"]}]},{\"@type\":\"BreadcrumbList\",\"@id\":\"https:\\\/\\\/www.akzente-group.com\\\/en\\\/#breadcrumb\",\"itemListElement\":[{\"@type\":\"ListItem\",\"position\":1,\"name\":\"Home\",\"item\":\"https:\\\/\\\/www.akzente-group.com\\\/en\\\/\"},{\"@type\":\"ListItem\",\"position\":2,\"name\":\"Home\"}]},{\"@type\":\"WebSite\",\"@id\":\"https:\\\/\\\/www.akzente-group.com\\\/en\\\/#website\",\"url\":\"https:\\\/\\\/www.akzente-group.com\\\/en\\\/\",\"name\":\"AKZENTE Retail GmbH\",\"description\":\"Visual merchandising agency for instore and window dressing\",\"potentialAction\":[{\"@type\":\"SearchAction\",\"target\":{\"@type\":\"EntryPoint\",\"urlTemplate\":\"https:\\\/\\\/www.akzente-group.com\\\/en\\\/?s={search_term_string}\"},\"query-input\":{\"@type\":\"PropertyValueSpecification\",\"valueRequired\":true,\"valueName\":\"search_term_string\"}}],\"inLanguage\":\"en-US\"}]}<\/script>\n<!-- \/ Yoast SEO plugin. -->","yoast_head_json":{"title":"Home AKZENTE Retail GmbH","robots":{"index":"index","follow":"follow","max-snippet":"max-snippet:-1","max-image-preview":"max-image-preview:large","max-video-preview":"max-video-preview:-1"},"canonical":"https:\/\/www.akzente-group.com\/en\/","og_locale":"en_US","og_type":"article","og_title":"Home AKZENTE Retail GmbH","og_description":"pez Dies ist eine etreugeispiel-Seite. Sie unterscheidet sich von Beitr\u00e4gen, weil sie stets an der selben Stelle bleibt und (bei den meisten Themes) in der Navigationsleiste angezeigt wird. Die meisten Leute starten mit einer &#8220;\u00dcber uns&#8221;-Seite mit einer Vorstellung f\u00fcr m\u00f6gliche Besucher der Website. Dort k\u00f6nnte zum Beispiel stehen: Hallo! Tags\u00fcber arbeite ich als Fahrradkurier, [&hellip;]","og_url":"https:\/\/www.akzente-group.com\/en\/","og_site_name":"AKZENTE Retail GmbH","article_modified_time":"2025-04-29T09:18:03+00:00","twitter_card":"summary_large_image","twitter_misc":{"Est. reading time":"1 minute"},"schema":{"@context":"https:\/\/schema.org","@graph":[{"@type":"WebPage","@id":"https:\/\/www.akzente-group.com\/en\/","url":"https:\/\/www.akzente-group.com\/en\/","name":"Home AKZENTE Retail GmbH","isPartOf":{"@id":"https:\/\/www.akzente-group.com\/en\/#website"},"datePublished":"2015-02-15T13:55:03+00:00","dateModified":"2025-04-29T09:18:03+00:00","breadcrumb":{"@id":"https:\/\/www.akzente-group.com\/en\/#breadcrumb"},"inLanguage":"en-US","potentialAction":[{"@type":"ReadAction","target":["https:\/\/www.akzente-group.com\/en\/"]}]},{"@type":"BreadcrumbList","@id":"https:\/\/www.akzente-group.com\/en\/#breadcrumb","itemListElement":[{"@type":"ListItem","position":1,"name":"Home","item":"https:\/\/www.akzente-group.com\/en\/"},{"@type":"ListItem","position":2,"name":"Home"}]},{"@type":"WebSite","@id":"https:\/\/www.akzente-group.com\/en\/#website","url":"https:\/\/www.akzente-group.com\/en\/","name":"AKZENTE Retail GmbH","description":"Visual merchandising agency for instore and window dressing","potentialAction":[{"@type":"SearchAction","target":{"@type":"EntryPoint","urlTemplate":"https:\/\/www.akzente-group.com\/en\/?s={search_term_string}"},"query-input":{"@type":"PropertyValueSpecification","valueRequired":true,"valueName":"search_term_string"}}],"inLanguage":"en-US"}]}},"acf":[],"_links":{"self":[{"href":"https:\/\/www.akzente-group.com\/en\/wp-json\/wp\/v2\/pages\/2","targetHints":{"allow":["GET"]}}],"collection":[{"href":"https:\/\/www.akzente-group.com\/en\/wp-json\/wp\/v2\/pages"}],"about":[{"href":"https:\/\/www.akzente-group.com\/en\/wp-json\/wp\/v2\/types\/page"}],"author":[{"embeddable":true,"href":"https:\/\/www.akzente-group.com\/en\/wp-json\/wp\/v2\/users\/1"}],"replies":[{"embeddable":true,"href":"https:\/\/www.akzente-group.com\/en\/wp-json\/wp\/v2\/comments?post=2"}],"version-history":[{"count":132,"href":"https:\/\/www.akzente-group.com\/en\/wp-json\/wp\/v2\/pages\/2\/revisions"}],"predecessor-version":[{"id":1696,"href":"https:\/\/www.akzente-group.com\/en\/wp-json\/wp\/v2\/pages\/2\/revisions\/1696"}],"wp:attachment":[{"href":"https:\/\/www.akzente-group.com\/en\/wp-json\/wp\/v2\/media?parent=2"}],"curies":[{"name":"wp","href":"https:\/\/api.w.org\/{rel}","templated":true}]}}